{"id":1672,"date":"2015-11-12T03:55:40","date_gmt":"2015-11-12T03:55:40","guid":{"rendered":"http:\/\/192.168.1.7\/gapura\/?page_id=1672"},"modified":"2022-09-30T17:11:59","modified_gmt":"2022-09-30T17:11:59","slug":"contact-agent","status":"publish","type":"page","link":"https:\/\/karolinavendeghaz.hu\/?page_id=1672","title":{"rendered":"Kapcsolat"},"content":{"rendered":"\t\t<div data-elementor-type=\"wp-page\" data-elementor-id=\"1672\" class=\"elementor elementor-1672\">\n\t\t\t\t\t\t<div class=\"elementor-inner\">\n\t\t\t\t<div class=\"elementor-section-wrap\">\n\t\t\t\t\t\t\t\t\t<section class=\"elementor-section elementor-top-section elementor-element elementor-element-782851db elementor-section-boxed elementor-section-height-default elementor-section-height-default\" data-id=\"782851db\" data-element_type=\"section\">\n\t\t\t\t\t\t<div class=\"elementor-container elementor-column-gap-default\">\n\t\t\t\t\t\t\t<div class=\"elementor-row\">\n\t\t\t\t\t<div class=\"elementor-column elementor-col-100 elementor-top-column elementor-element elementor-element-1145bcbd\" data-id=\"1145bcbd\" data-element_type=\"column\">\n\t\t\t<div class=\"elementor-column-wrap elementor-element-populated\">\n\t\t\t\t\t\t\t<div class=\"elementor-widget-wrap\">\n\t\t\t\t\t\t<div class=\"elementor-element elementor-element-4420999 elementor-widget elementor-widget-spacer\" data-id=\"4420999\" data-element_type=\"widget\" data-widget_type=\"spacer.default\">\n\t\t\t\t<div class=\"elementor-widget-container\">\n\t\t\t\t\t<div class=\"elementor-spacer\">\n\t\t\t<div class=\"elementor-spacer-inner\"><\/div>\n\t\t<\/div>\n\t\t\t\t<\/div>\n\t\t\t\t<\/div>\n\t\t\t\t<div class=\"elementor-element elementor-element-1f1bd65c elementor-widget elementor-widget-text-editor\" data-id=\"1f1bd65c\" data-element_type=\"widget\" data-widget_type=\"text-editor.default\">\n\t\t\t\t<div class=\"elementor-widget-container\">\n\t\t\t\t\t\t\t\t<div class=\"elementor-text-editor elementor-clearfix\">\n\t\t\t\t<p>Email : karolinavendeghaz@gmail.com<br \/><br \/><\/p><p>\u00a0<\/p><p>Telefon : +36 70 312 3696<br \/><br \/><\/p><p>\u00a0<\/p><p>C\u00edm : 6600 Szentes, V\u00e1s\u00e1rhelyi \u00fat 18.<\/p><div>\u00a0<\/div>\t\t\t\t\t<\/div>\n\t\t\t\t\t\t<\/div>\n\t\t\t\t<\/div>\n\t\t\t\t\t\t<\/div>\n\t\t\t\t\t<\/div>\n\t\t<\/div>\n\t\t\t\t\t\t\t\t<\/div>\n\t\t\t\t\t<\/div>\n\t\t<\/section>\n\t\t\t\t<section class=\"elementor-section elementor-top-section elementor-element elementor-element-80f851a elementor-section-boxed elementor-section-height-default elementor-section-height-default\" data-id=\"80f851a\" data-element_type=\"section\">\n\t\t\t\t\t\t<div class=\"elementor-container elementor-column-gap-default\">\n\t\t\t\t\t\t\t<div class=\"elementor-row\">\n\t\t\t\t\t<div class=\"elementor-column elementor-col-100 elementor-top-column elementor-element elementor-element-487c303\" data-id=\"487c303\" data-element_type=\"column\">\n\t\t\t<div class=\"elementor-column-wrap elementor-element-populated\">\n\t\t\t\t\t\t\t<div class=\"elementor-widget-wrap\">\n\t\t\t\t\t\t<div class=\"elementor-element elementor-element-6059a10 elementor-widget elementor-widget-text-editor\" data-id=\"6059a10\" data-element_type=\"widget\" data-widget_type=\"text-editor.default\">\n\t\t\t\t<div class=\"elementor-widget-container\">\n\t\t\t\t\t\t\t\t<div class=\"elementor-text-editor elementor-clearfix\">\n\t\t\t\t<p>Sz\u00e1ll\u00e1sal kapcsolatban \u00edrjon nek\u00fcnk a <a href=\"mailto:karolinavendeghaz@gmail.com\" target=\"_blank\" rel=\"noopener\">karolinavendeghaz@gmail.com<\/a> c\u00edmre, vagy t\u00f6ltse ki az al\u00e1bbi \u0171rlapot.<\/p>\t\t\t\t\t<\/div>\n\t\t\t\t\t\t<\/div>\n\t\t\t\t<\/div>\n\t\t\t\t\t\t<\/div>\n\t\t\t\t\t<\/div>\n\t\t<\/div>\n\t\t\t\t\t\t\t\t<\/div>\n\t\t\t\t\t<\/div>\n\t\t<\/section>\n\t\t\t\t\t\t\t\t\t<\/div>\n\t\t\t<\/div>\n\t\t\t\t\t<\/div>\n\t\t","protected":false},"excerpt":{"rendered":"<p>Email : karolinavendeghaz@gmail.com Telefon : +36 70 312 3696 C\u00edm : 6600 Szentes, V\u00e1s\u00e1rhelyi \u00fat 18. Sz\u00e1ll\u00e1sal kapcsolatban \u00edrjon nek\u00fcnk a karolinavendeghaz@gmail.com c\u00edmre, vagy t\u00f6ltse ki az al\u00e1bbi \u0171rlapot.<\/p>\n","protected":false},"author":1,"featured_media":0,"parent":0,"menu_order":0,"comment_status":"closed","ping_status":"closed","template":"template\/contact-template.php","meta":[],"_links":{"self":[{"href":"https:\/\/karolinavendeghaz.hu\/index.php?rest_route=\/wp\/v2\/pages\/1672"}],"collection":[{"href":"https:\/\/karolinavendeghaz.hu\/index.php?rest_route=\/wp\/v2\/pages"}],"about":[{"href":"https:\/\/karolinavendeghaz.hu\/index.php?rest_route=\/wp\/v2\/types\/page"}],"author":[{"embeddable":true,"href":"https:\/\/karolinavendeghaz.hu\/index.php?rest_route=\/wp\/v2\/users\/1"}],"replies":[{"embeddable":true,"href":"https:\/\/karolinavendeghaz.hu\/index.php?rest_route=%2Fwp%2Fv2%2Fcomments&post=1672"}],"version-history":[{"count":30,"href":"https:\/\/karolinavendeghaz.hu\/index.php?rest_route=\/wp\/v2\/pages\/1672\/revisions"}],"predecessor-version":[{"id":2449,"href":"https:\/\/karolinavendeghaz.hu\/index.php?rest_route=\/wp\/v2\/pages\/1672\/revisions\/2449"}],"wp:attachment":[{"href":"https:\/\/karolinavendeghaz.hu\/index.php?rest_route=%2Fwp%2Fv2%2Fmedia&parent=1672"}],"curies":[{"name":"wp","href":"https:\/\/api.w.org\/{rel}","templated":true}]}}