{"id":2017,"date":"2019-09-29T20:14:17","date_gmt":"2019-09-29T20:14:17","guid":{"rendered":"http:\/\/karolinavendeghaz.hu\/?page_id=2017"},"modified":"2019-10-21T01:13:16","modified_gmt":"2019-10-21T01:13:16","slug":"foglalasi-feltetelek","status":"publish","type":"page","link":"https:\/\/karolinavendeghaz.hu\/?page_id=2017","title":{"rendered":"Foglal\u00e1si felt\u00e9telek"},"content":{"rendered":"\t\t<div data-elementor-type=\"wp-page\" data-elementor-id=\"2017\" class=\"elementor elementor-2017\">\n\t\t\t\t\t\t<div class=\"elementor-inner\">\n\t\t\t\t<div class=\"elementor-section-wrap\">\n\t\t\t\t\t\t\t\t\t<section class=\"elementor-section elementor-top-section elementor-element elementor-element-119746dd elementor-section-boxed elementor-section-height-default elementor-section-height-default\" data-id=\"119746dd\" data-element_type=\"section\">\n\t\t\t\t\t\t<div class=\"elementor-container elementor-column-gap-default\">\n\t\t\t\t\t\t\t<div class=\"elementor-row\">\n\t\t\t\t\t<div class=\"elementor-column elementor-col-100 elementor-top-column elementor-element elementor-element-739089d6\" data-id=\"739089d6\" data-element_type=\"column\">\n\t\t\t<div class=\"elementor-column-wrap elementor-element-populated\">\n\t\t\t\t\t\t\t<div class=\"elementor-widget-wrap\">\n\t\t\t\t\t\t<div class=\"elementor-element elementor-element-62c6268c elementor-widget elementor-widget-text-editor\" data-id=\"62c6268c\" data-element_type=\"widget\" data-widget_type=\"text-editor.default\">\n\t\t\t\t<div class=\"elementor-widget-container\">\n\t\t\t\t\t\t\t\t<div class=\"elementor-text-editor elementor-clearfix\">\n\t\t\t\t<!-- wp:heading {\"align\":\"center\"} -->\n<h2 style=\"text-align: center;\">Be- \u00e9s kijelentkez\u00e9s<\/h2>\n<!-- \/wp:heading --><!-- wp:paragraph {\"align\":\"center\",\"customTextColor\":\"#b58f5d\"} -->\n<p class=\"has-text-color\" style=\"color: #b58f5d; text-align: center;\">Bejelentkez\u00e9s d\u00e9lut\u00e1n 2-t\u0151l este 9-ig.\u00a0K\u00e9rj\u00fck \u00e9rkez\u00e9se el\u0151tt legal\u00e1bb egy f\u00e9l \u00f3r\u00e1val h\u00edvjon minket, hogy kinyissuk, \u00e9s \u00e1tadjuk \u00d6nnek az apartmant!<\/p>\n<!-- \/wp:paragraph --><!-- wp:separator {\"className\":\"is-style-wide\"} --><hr class=\"wp-block-separator is-style-wide\" \/><!-- \/wp:separator --><!-- wp:paragraph {\"align\":\"center\",\"customTextColor\":\"#b58f5d\"} -->\n<p class=\"has-text-color\" style=\"color: #b58f5d; text-align: center;\"><br \/>A apartmanokat este 9 \u00f3r\u00e1ig lehet elfoglalni. Az este 9 \u00f3ra ut\u00e1ni bejelentkez\u00e9sek eset\u00e9n 2.500,-t d\u00edjat sz\u00e1molunk fel!<br \/><br \/><\/p>\n<!-- \/wp:paragraph --><!-- wp:separator {\"className\":\"is-style-wide\"} --><hr class=\"wp-block-separator is-style-wide\" \/><!-- \/wp:separator --><!-- wp:paragraph {\"align\":\"center\",\"customTextColor\":\"#b58f5d\"} -->\n<p class=\"has-text-color\" style=\"color: #b58f5d; text-align: center;\"><br \/>Kijelentkez\u00e9sn\u00e9l d\u00e9lel\u0151tt 10 \u00f3r\u00e1ig k\u00e9rj\u00fck elhagyni az apartmanokat.<br \/><br \/><\/p>\n<!-- \/wp:paragraph --><!-- wp:separator {\"className\":\"is-style-wide\"} --><hr class=\"wp-block-separator is-style-wide\" \/><!-- \/wp:separator --><!-- wp:heading {\"align\":\"center\"} -->\n<h2 style=\"text-align: center;\">Doh\u00e1nyz\u00e1s<\/h2>\n<!-- \/wp:heading --><!-- wp:paragraph {\"align\":\"center\",\"customTextColor\":\"#b58f5d\"} -->\n<p class=\"has-text-color\" style=\"color: #b58f5d; text-align: center;\"><br \/>Minden apartmanunk szigor\u00faan nem doh\u00e1nyz\u00f3.<br \/><br \/><\/p>\n<!-- \/wp:paragraph --><!-- wp:separator {\"className\":\"is-style-wide\"} --><hr class=\"wp-block-separator is-style-wide\" \/><!-- \/wp:separator --><!-- wp:paragraph {\"align\":\"center\",\"customTextColor\":\"#b58f5d\"} -->\n<p class=\"has-text-color\" style=\"color: #b58f5d; text-align: center;\"><br \/>Doh\u00e1nyozni kiz\u00e1r\u00f3lag a teraszon vagy szabadt\u00e9ren van lehet\u0151s\u00e9g az erre rendszeres\u00edtett hamutart\u00f3k haszn\u00e1lat\u00e1val.<br \/><br \/><\/p>\n<!-- \/wp:paragraph --><!-- wp:separator {\"className\":\"is-style-wide\"} --><hr class=\"wp-block-separator is-style-wide\" \/><!-- \/wp:separator --><!-- wp:heading {\"align\":\"center\"} -->\n<h2 style=\"text-align: center;\">Sz\u00e1ll\u00e1sfoglal\u00e1s<\/h2>\n<!-- \/wp:heading --><!-- wp:paragraph {\"align\":\"center\",\"customTextColor\":\"#b58f5d\"} -->\n<p class=\"has-text-color\" style=\"color: #b58f5d; text-align: center;\"><br \/>Csak az el\u0151zetesen bejelentett sz\u00e1ll\u00f3vend\u00e9gek t\u00f6lthetik n\u00e1lunk az \u00e9jszak\u00e1t.<br \/><br \/><\/p>\n<!-- \/wp:paragraph --><!-- wp:separator {\"className\":\"is-style-wide\"} --><hr class=\"wp-block-separator is-style-wide\" \/><!-- \/wp:separator --><!-- wp:paragraph {\"align\":\"center\",\"customTextColor\":\"#b58f5d\"} -->\n<p class=\"has-text-color\" style=\"color: #b58f5d; text-align: center;\"><br \/>A foglal\u00e1si d\u00edj 50%-\u00e1t k\u00e9rj\u00fck banki \u00e1tutal\u00e1ssal teljes\u00edteni a foglal\u00e1st k\u00f6vet\u0151 7 munkanapon bel\u00fcl (n\u00e9v, \u00e9rkez\u00e9si nap felt\u00fcntet\u00e9s\u00e9vel)<br \/><br \/><\/p>\n<!-- \/wp:paragraph --><!-- wp:separator {\"className\":\"is-style-wide\"} --><hr class=\"wp-block-separator is-style-wide\" \/><!-- \/wp:separator --><!-- wp:paragraph {\"align\":\"center\",\"customTextColor\":\"#b58f5d\"} -->\n<p class=\"has-text-color\" style=\"color: #b58f5d; text-align: center;\"><br \/>A foglal\u00e1s az el\u0151leg megfizet\u00e9se n\u00e9lk\u00fcl nem garant\u00e1lt<br \/><br \/><\/p>\n<!-- \/wp:paragraph --><!-- wp:separator {\"className\":\"is-style-wide\"} --><hr class=\"wp-block-separator is-style-wide\" \/><!-- \/wp:separator --><!-- wp:paragraph {\"align\":\"center\",\"customTextColor\":\"#b58f5d\"} -->\n<p class=\"has-text-color\" style=\"color: #b58f5d; text-align: center;\"><br \/>Lastminute foglal\u00e1s teljes\u00edthet\u0151 az \u00e9rkez\u00e9s napj\u00e1n k\u00e9szp\u00e9nzzel<br \/><br \/><\/p>\n<!-- \/wp:paragraph --><!-- wp:separator {\"className\":\"is-style-wide\"} --><hr class=\"wp-block-separator is-style-wide\" \/><!-- \/wp:separator --><!-- wp:paragraph {\"align\":\"center\",\"customTextColor\":\"#b58f5d\"} -->\n<p class=\"has-text-color\" style=\"color: #b58f5d; text-align: center;\"><br \/>1-3 nap id\u0151tartamra t\u00f6rt\u00e9n\u0151 foglal\u00e1s lemond\u00e1sa, legk\u00e9s\u0151bb: 21 nappal \u00e9rkez\u00e9s el\u0151tt lehets\u00e9ges 1500 Ft adminisztr\u00e1ci\u00f3s d\u00edj levon\u00e1sa ellen\u00e9ben az el\u0151leget visszautaljuk. 21 napon bel\u00fcli lemond\u00e1s eset\u00e9n a foglal\u00f3t nem t\u00e9r\u00edtj\u00fck vissza!<br \/><br \/><\/p>\n<!-- \/wp:paragraph --><!-- wp:separator {\"className\":\"is-style-wide\"} --><hr class=\"wp-block-separator is-style-wide\" \/><!-- \/wp:separator --><!-- wp:paragraph {\"align\":\"center\",\"customTextColor\":\"#b58f5d\"} -->\n<p class=\"has-text-color\" style=\"color: #b58f5d; text-align: center;\"><br \/>4-14 nap id\u0151tartamra t\u00f6rt\u00e9n\u0151 foglal\u00e1s lemond\u00e1sa, legk\u00e9s\u0151bb 45 nappal \u00e9rkez\u00e9s el\u0151tt lehets\u00e9ges ,2500 Ft adminisztr\u00e1ci\u00f3s d\u00edj levon\u00e1sa ellen\u00e9ben az el\u0151leget visszautaljuk. 45 napon bel\u00fcli lemond\u00e1s eset\u00e9n a foglal\u00f3t nem t\u00e9r\u00edtj\u00fck vissza!<br \/><br \/><\/p>\n<!-- \/wp:paragraph --><!-- wp:separator {\"className\":\"is-style-wide\"} --><hr class=\"wp-block-separator is-style-wide\" \/><!-- \/wp:separator --><!-- wp:paragraph {\"align\":\"center\",\"customTextColor\":\"#b58f5d\"} -->\n<p class=\"has-text-color\" style=\"color: #b58f5d; text-align: center;\"><br \/>HUF: OTP Bank, IBAN: HU28 11773353-01958212-00000000<br \/><br \/><\/p>\n<!-- \/wp:paragraph --><!-- wp:separator {\"className\":\"is-style-wide\"} --><hr class=\"wp-block-separator is-style-wide\" \/><!-- \/wp:separator --><!-- wp:heading {\"align\":\"center\"} -->\n<h2 style=\"text-align: center;\">H\u00e1zi\u00e1llatok<\/h2>\n<!-- \/wp:heading --><!-- wp:paragraph {\"align\":\"center\",\"customTextColor\":\"#b58f5d\"} -->\n<p class=\"has-text-color\" style=\"color: #b58f5d; text-align: center;\"><br \/>Karolina Vend\u00e9gh\u00e1z nem tudja fogadni a csal\u00e1d n\u00e9gyl\u00e1b\u00fa tagjait.<br \/><br \/><\/p>\n<!-- \/wp:paragraph --><!-- wp:separator {\"className\":\"is-style-wide\"} --><hr class=\"wp-block-separator is-style-wide\" \/><!-- \/wp:separator --><!-- wp:heading {\"align\":\"center\"} -->\n<h2 style=\"text-align: center;\">A sz\u00e1ll\u00e1sk\u00f6lts\u00e9g tartalmazza az al\u00e1bbiakat<\/h2>\n<!-- \/wp:heading --><!-- wp:paragraph {\"align\":\"center\",\"customTextColor\":\"#b58f5d\"} -->\n<p class=\"has-text-color\" style=\"color: #b58f5d; text-align: center;\"><br \/>Ingyenes Wifi<br \/><br \/><\/p>\n<!-- \/wp:paragraph --><!-- wp:separator {\"className\":\"is-style-wide\"} --><hr class=\"wp-block-separator is-style-wide\" \/><!-- \/wp:separator --><!-- wp:paragraph {\"align\":\"center\",\"customTextColor\":\"#b58f5d\"} -->\n<p class=\"has-text-color\" style=\"color: #b58f5d; text-align: center;\"><br \/>T\u00f6r\u00f6lk\u00f6z\u0151k, hajsz\u00e1r\u00edt\u00f3, puha takar\u00f3k<br \/><br \/><\/p>\n<!-- \/wp:paragraph --><!-- wp:separator {\"className\":\"is-style-wide\"} --><hr class=\"wp-block-separator is-style-wide\" \/><!-- \/wp:separator --><!-- wp:paragraph {\"align\":\"center\",\"customTextColor\":\"#b58f5d\"} -->\n<p class=\"has-text-color\" style=\"color: #b58f5d; text-align: center;\"><br \/>Teljesen felszerelt konyha, k\u00e1v\u00e9<br \/><br \/><\/p>\n<!-- \/wp:paragraph --><!-- wp:separator {\"className\":\"is-style-wide\"} --><hr class=\"wp-block-separator is-style-wide\" \/><!-- \/wp:separator --><!-- wp:paragraph {\"align\":\"center\",\"customTextColor\":\"#b58f5d\"} -->\n<p class=\"has-text-color\" style=\"color: #b58f5d; text-align: center;\"><br \/>Grillez\u00e9si lehet\u0151s\u00e9g<br \/><br \/><\/p>\n<!-- \/wp:paragraph --><!-- wp:separator {\"className\":\"is-style-wide\"} --><hr class=\"wp-block-separator is-style-wide\" \/><!-- \/wp:separator -->\t\t\t\t\t<\/div>\n\t\t\t\t\t\t<\/div>\n\t\t\t\t<\/div>\n\t\t\t\t\t\t<\/div>\n\t\t\t\t\t<\/div>\n\t\t<\/div>\n\t\t\t\t\t\t\t\t<\/div>\n\t\t\t\t\t<\/div>\n\t\t<\/section>\n\t\t\t\t\t\t\t\t\t<\/div>\n\t\t\t<\/div>\n\t\t\t\t\t<\/div>\n\t\t","protected":false},"excerpt":{"rendered":"<p>Be- \u00e9s kijelentkez\u00e9s Bejelentkez\u00e9s d\u00e9lut\u00e1n 2-t\u0151l este 9-ig.\u00a0K\u00e9rj\u00fck \u00e9rkez\u00e9se el\u0151tt legal\u00e1bb egy f\u00e9l \u00f3r\u00e1val h\u00edvjon minket, hogy kinyissuk, \u00e9s \u00e1tadjuk \u00d6nnek az apartmant! A apartmanokat este 9 \u00f3r\u00e1ig lehet elfoglalni. Az este 9 \u00f3ra ut\u00e1ni bejelentkez\u00e9sek eset\u00e9n 2.500,-t d\u00edjat sz\u00e1molunk&#8230;<\/p>\n","protected":false},"author":1,"featured_media":0,"parent":0,"menu_order":0,"comment_status":"closed","ping_status":"closed","template":"","meta":[],"_links":{"self":[{"href":"https:\/\/karolinavendeghaz.hu\/index.php?rest_route=\/wp\/v2\/pages\/2017"}],"collection":[{"href":"https:\/\/karolinavendeghaz.hu\/index.php?rest_route=\/wp\/v2\/pages"}],"about":[{"href":"https:\/\/karolinavendeghaz.hu\/index.php?rest_route=\/wp\/v2\/types\/page"}],"author":[{"embeddable":true,"href":"https:\/\/karolinavendeghaz.hu\/index.php?rest_route=\/wp\/v2\/users\/1"}],"replies":[{"embeddable":true,"href":"https:\/\/karolinavendeghaz.hu\/index.php?rest_route=%2Fwp%2Fv2%2Fcomments&post=2017"}],"version-history":[{"count":26,"href":"https:\/\/karolinavendeghaz.hu\/index.php?rest_route=\/wp\/v2\/pages\/2017\/revisions"}],"predecessor-version":[{"id":2216,"href":"https:\/\/karolinavendeghaz.hu\/index.php?rest_route=\/wp\/v2\/pages\/2017\/revisions\/2216"}],"wp:attachment":[{"href":"https:\/\/karolinavendeghaz.hu\/index.php?rest_route=%2Fwp%2Fv2%2Fmedia&parent=2017"}],"curies":[{"name":"wp","href":"https:\/\/api.w.org\/{rel}","templated":true}]}}