{"id":3,"date":"2019-09-04T19:09:01","date_gmt":"2019-09-04T19:09:01","guid":{"rendered":"http:\/\/karolinavendeghaz.hu\/?page_id=3"},"modified":"2020-01-29T12:58:46","modified_gmt":"2020-01-29T12:58:46","slug":"adatkezelesi-tajekoztato","status":"publish","type":"page","link":"https:\/\/karolinavendeghaz.hu\/?page_id=3","title":{"rendered":"Adatkezel\u00e9si T\u00e1j\u00e9koztat\u00f3"},"content":{"rendered":"\t\t<div data-elementor-type=\"wp-page\" data-elementor-id=\"3\" class=\"elementor elementor-3\">\n\t\t\t\t\t\t<div class=\"elementor-inner\">\n\t\t\t\t<div class=\"elementor-section-wrap\">\n\t\t\t\t\t\t\t\t\t<section class=\"elementor-section elementor-top-section elementor-element elementor-element-3e271d5c elementor-section-boxed elementor-section-height-default elementor-section-height-default\" data-id=\"3e271d5c\" data-element_type=\"section\">\n\t\t\t\t\t\t<div class=\"elementor-container elementor-column-gap-default\">\n\t\t\t\t\t\t\t<div class=\"elementor-row\">\n\t\t\t\t\t<div class=\"elementor-column elementor-col-100 elementor-top-column elementor-element elementor-element-4920cb59\" data-id=\"4920cb59\" data-element_type=\"column\">\n\t\t\t<div class=\"elementor-column-wrap elementor-element-populated\">\n\t\t\t\t\t\t\t<div class=\"elementor-widget-wrap\">\n\t\t\t\t\t\t<div class=\"elementor-element elementor-element-30ffbb19 elementor-widget elementor-widget-text-editor\" data-id=\"30ffbb19\" data-element_type=\"widget\" data-widget_type=\"text-editor.default\">\n\t\t\t\t<div class=\"elementor-widget-container\">\n\t\t\t\t\t\t\t\t<div class=\"elementor-text-editor elementor-clearfix\">\n\t\t\t\t<p>\u00a0<\/p>\n<p>A Karolina Vend\u00e9gh\u00e1z (6600 Szentes, V\u00e1s\u00e1rhelyi \u00fat 18..;<\/p>\n<p>\u00dczemeltet\u0151: Ber\u00e9nyi Andrea mg., ad\u00f3sz\u00e1m: 55289892-1-26) mint a www.karolinavendeghaz.hu weboldal kiz\u00e1r\u00f3lagos \u00fczemeltet\u0151je az al\u00e1bbiakban, nevezett honlapon teszi k\u00f6zz\u00e9 adatv\u00e9delmi \u00e9s adatkezel\u00e9si elveit, amelyeket mag\u00e1ra n\u00e9zve k\u00f6telez\u0151nek ismer el.<\/p>\n<h3><strong>Adatkezel\u0151 adatai<\/strong><\/h3>\n<p><strong>N\u00e9v: Ber\u00e9nyi Andrea<\/strong><\/p>\n<p><strong>E-mail: karolinavendeghaz@gmail.com<\/strong><\/p>\n<p><strong>Ad\u00f3sz\u00e1m: 55289892-1-26<\/strong><\/p>\n<p><strong>Telefon: +36 70 312 3696<\/strong><\/p>\n<p><strong>M\u0171k\u00f6d\u00e9si enged\u00e9ly sz\u00e1ma: 105\/2019<\/strong><\/p>\n<p><strong>Felettes szerv: Szentesi K\u00f6z\u00f6s \u00d6nkorm\u00e1nyzati Hivatal Jegyz\u0151je<\/strong><\/p>\n<h3><strong>Az adatkezel\u00e9s jogalapja<\/strong><\/h3>\n<ul>\n<li>A sz\u00e1ll\u00e1sfoglal\u00e1s n\u00e9lk\u00fcl\u00f6zhetetlen felt\u00e9tele, hogy ismert legyen a sz\u00e1ll\u00e1st lefoglal\u00f3 vend\u00e9g (Sz\u00e1ll\u00f3vend\u00e9g) neve, az el\u0151zetes egyeztet\u00e9shez \u00e9s kapcsolattart\u00e1shoz a telefonsz\u00e1ma \u00e9s e-mail c\u00edme, a sz\u00e1ll\u00e1son tervezett tart\u00f3zkod\u00e1s id\u0151tartama, illetve a vend\u00e9gek sz\u00e1ma. Ezek kezel\u00e9s\u00e9hez a bejelentkez\u0151 vend\u00e9g \u00fan. adatkezel\u00e9si nyilatkozatot tesz, amelyben hozz\u00e1j\u00e1rul, hogy Adatkezel\u0151 a sz\u00fcks\u00e9ges adatokat a sz\u00fcks\u00e9ges legr\u00f6videbb ideig \u00e9s legnagyobb biztons\u00e1gban a sz\u00e1ll\u00e1sfoglal\u00e1s dokumentumaiban kezelje.<\/li>\n<\/ul>\n<h3><strong>Az adatkezel\u00e9s c\u00e9lja \u00e9s id\u0151tartama<\/strong><\/h3>\n<ul>\n<li>Adatkezel\u0151 Sz\u00e1ll\u00f3vend\u00e9gek adatait a sz\u00e1ll\u00e1sfoglal\u00e1suk \u00e9s megfelel\u0151 ell\u00e1t\u00e1suk biztos\u00edt\u00e1sa \u00e9rdek\u00e9ben kezeli. C\u00e9l tov\u00e1bb\u00e1 az ellen\u0151rizhet\u0151s\u00e9g \u00e9s a sz\u00e1ll\u00e1sszolg\u00e1ltat\u00e1s biztos\u00edt\u00e1sa, valamint a vonatkoz\u00f3 mindenkori ad\u00f3z\u00e1si \u00e9s adat- (statisztika-) szolg\u00e1ltat\u00e1si jogi k\u00f6rnyezetnek val\u00f3 megfelel\u00e9s.<\/li>\n<li>Az adatkezel\u00e9s a 2.1 pontban meghat\u00e1rozott c\u00e9l fenn\u00e1ll\u00e1s\u00e1ig tart. Sz\u00e1ll\u00f3vend\u00e9gek adatait az idegenforgalmi ad\u00f3 befizet\u00e9s\u00e9nek hat\u00e1ridej\u00e9re, illetve a statisztikaszolg\u00e1ltat\u00e1si k\u00f6telezetts\u00e9gre val\u00f3 tekintettel a honlapon t\u00e1rgy\u00e9vben, pap\u00edr alapon az ad\u00f3jogszab\u00e1lyokban el\u0151\u00edrt ideig t\u00e1roljuk. T\u00f6r\u00f6lt, visszavont vagy t\u00e9ves foglal\u00e1s eset\u00e9n a sz\u00e1ll\u00e1sfoglal\u00f3 adatait az adatt\u00e1rb\u00f3l azonnal t\u00f6r\u00f6lj\u00fck.<\/li>\n<li>Adatkezel\u0151 a vend\u00e9gek adatait csak az adatkezel\u00e9s c\u00e9lj\u00e1nak megfelel\u0151 legsz\u00fcks\u00e9gesebb minim\u00e1lis m\u00e9rt\u00e9kben k\u00e9ri el, t\u00e1rolja \u00e9s kezeli, figyelembe v\u00e9ve az inform\u00e1ci\u00f3s \u00f6nrendelkez\u00e9si jogr\u00f3l \u00e9s inform\u00e1ci\u00f3szabads\u00e1gr\u00f3l sz\u00f3l\u00f3 hat\u00e1lyos jogszab\u00e1lyokat \u00e9s \u00e1ltal\u00e1nos elveket.<\/li>\n<\/ul>\n<h3><strong>A sz\u00e1ll\u00f3vend\u00e9gek adatkezel\u00e9sre vonatkoz\u00f3 jogai<\/strong><\/h3>\n<ul>\n<li>T\u00e1j\u00e9koztat\u00e1s k\u00e9r\u00e9s: a vend\u00e9gh\u00e1zba bejelentkez\u0151 vend\u00e9g t\u00e1j\u00e9koztat\u00e1st k\u00e9rhet adatai kezel\u00e9s\u00e9r\u0151l, az adatkezel\u00e9s jogalapj\u00e1r\u00f3l, c\u00e9lj\u00e1r\u00f3l \u00e9s m\u00f3dj\u00e1r\u00f3l, illetve a szem\u00e9lyes adatok tov\u00e1bb\u00edt\u00e1sa eset\u00e9n harmadik szem\u00e9ly adatkezel\u0151i min\u0151s\u00e9g\u00e9r\u0151l, az adattov\u00e1bb\u00edt\u00e1s ok\u00e1r\u00f3l, c\u00e9lj\u00e1r\u00f3l, a haszn\u00e1lat m\u00f3dj\u00e1r\u00f3l \u00e9s id\u0151tartam\u00e1r\u00f3l, az adatkezel\u00e9ssel \u00f6sszef\u00fcgg\u0151 tev\u00e9kenys\u00e9gr\u0151l. A t\u00e1j\u00e9koztat\u00e1s Adatkezel\u0151 e-mailes el\u00e9rhet\u0151s\u00e9g\u00e9n k\u00e9rhet\u0151, amelyre Adatkezel\u0151 a lehet\u0151 legr\u00f6videbb id\u0151 alatt, de maximum 5 napon bel\u00fcl k\u00f6teles megfelel\u0151 t\u00e1j\u00e9koztat\u00e1st adni.<\/li>\n<li>Helyesb\u00edt\u00e9s a sz\u00e1ll\u00f3vend\u00e9g k\u00e9r\u00e9s\u00e9re t\u00f6rt\u00e9nhet, illetve akkor, ha Adatkezel\u0151 hitelt \u00e9rdeml\u0151en igazolni tudja a vend\u00e9g \u00e1ltal megadott adatok helytelens\u00e9g\u00e9t. A helyesb\u00edt\u00e9s idej\u00e9r\u0151l, tartalm\u00e1r\u00f3l \u00e9s m\u00f3dj\u00e1r\u00f3l Adatkezel\u0151 mindk\u00e9t esetben k\u00f6teles halad\u00e9ktalanul \u00e9rtes\u00edteni a Sz\u00e1ll\u00f3vend\u00e9get.<\/li>\n<li>T\u00f6rl\u00e9s: Adatkezel\u0151 a Sz\u00e1ll\u00f3vend\u00e9g adatait az adatkezel\u00e9s c\u00e9lj\u00e1nak \u00e9s felt\u00e9teleinek megsz\u0171n\u00e9sekor, illetve az adatt\u00e1rol\u00e1sra jogszab\u00e1lyokban el\u0151\u00edrt hat\u00e1rid\u0151 lej\u00e1rt\u00e1val k\u00f6teles t\u00f6r\u00f6lni, \u00e9s err\u0151l \u0151t e-mailben \u00e9rtes\u00edteni.<\/li>\n<li>Kifog\u00e1s: Sz\u00e1ll\u00f3vend\u00e9g adatai kezel\u00e9s\u00e9t \u00e9rint\u0151 kifog\u00e1ssal k\u00f6zvetlen\u00fcl Adatkezel\u0151h\u00f6z, illetve Adatkezel\u0151 felettes szerv\u00e9hez fordulhat. Adatkezel\u0151 mindent megtesz a kifog\u00e1s p\u00e1rtatlan elb\u00edr\u00e1l\u00e1sa, tov\u00e1bb\u00e1 az esetleges jogs\u00e9rt\u0151 \u00e1llapot felsz\u00e1mol\u00e1sa \u00e9rdek\u00e9ben.<\/li>\n<\/ul>\n<h3><strong>K\u00f6telezetts\u00e9gv\u00e1llal\u00e1s<\/strong><\/h3>\n<ul>\n<li>Adatkezel\u0151 k\u00f6telezi mag\u00e1t arra, hogy gondoskodik az adatok biztons\u00e1g\u00e1r\u00f3l, megakad\u00e1lyozza azok megsemmis\u00fcl\u00e9s\u00e9t, jogosulatlan felhaszn\u00e1l\u00e1s\u00e1t vagy megv\u00e1ltoztat\u00e1s\u00e1t.<\/li>\n<li>Adatkezel\u0151 biztos\u00edtja, hogy a kezelt adatok jogosulatlan harmadik f\u00e9l kez\u00e9be ne ker\u00fcljenek, azokat \u0151 nyilv\u00e1noss\u00e1gra ne hozza, ne tov\u00e1bb\u00edtsa, ne m\u00f3dos\u00edthassa vagy t\u00f6r\u00f6lhesse.<\/li>\n<li>Adatkezel\u0151 nem gy\u0171jt, kezel \u00e9s t\u00e1rol szenzit\u00edv adatokat. Amennyiben Sz\u00e1ll\u00f3vend\u00e9g \u00e9rz\u00e9keny szem\u00e9lyes adatokat (speci\u00e1lis \u00e9tkez\u00e9si szok\u00e1sok, di\u00e9ta, eg\u00e9szs\u00e9gi \u00e1llapot, fogyat\u00e9koss\u00e1g)saj\u00e1t akarat\u00e1b\u00f3l, a megfelel\u0151 szolg\u00e1ltat\u00e1sok \u00e9rdek\u00e9ben Adatkezel\u0151vel megoszt, adatkezel\u0151 azt semmilyen form\u00e1ban nem r\u00f6gz\u00edti, t\u00e1rolja, harmadik f\u00e9lnek nem tov\u00e1bb\u00edtja.<\/li>\n<li>Az inform\u00e1ci\u00f3s \u00f6nrendelkez\u00e9si jog \u00e9rtelm\u00e9ben amennyiben Sz\u00e1ll\u00f3vend\u00e9g a k\u00f6z\u00f6ss\u00e9gi fel\u00fcleteken vagy b\u00e1rhol maga hozza a k\u00f6rnyezete tudom\u00e1s\u00e1ra sz\u00e1ll\u00e1sa hely\u00e9t stb., ezen adatok megfelel\u0151 kezel\u00e9se Sz\u00e1ll\u00f3vend\u00e9get terheli; Adatkezel\u0151nek ezekre a m\u00e9diumokban \u00f6nk\u00e9nt megosztott adatokra n\u00e9zve adatkezel\u00e9si k\u00f6telezetts\u00e9ge nem keletkezik.<\/li>\n<\/ul>\t\t\t\t\t<\/div>\n\t\t\t\t\t\t<\/div>\n\t\t\t\t<\/div>\n\t\t\t\t\t\t<\/div>\n\t\t\t\t\t<\/div>\n\t\t<\/div>\n\t\t\t\t\t\t\t\t<\/div>\n\t\t\t\t\t<\/div>\n\t\t<\/section>\n\t\t\t\t\t\t\t\t\t<\/div>\n\t\t\t<\/div>\n\t\t\t\t\t<\/div>\n\t\t","protected":false},"excerpt":{"rendered":"<p>\u00a0 A Karolina Vend\u00e9gh\u00e1z (6600 Szentes, V\u00e1s\u00e1rhelyi \u00fat 18..; \u00dczemeltet\u0151: Ber\u00e9nyi Andrea mg., ad\u00f3sz\u00e1m: 55289892-1-26) mint a www.karolinavendeghaz.hu weboldal kiz\u00e1r\u00f3lagos \u00fczemeltet\u0151je az al\u00e1bbiakban, nevezett honlapon teszi k\u00f6zz\u00e9 adatv\u00e9delmi \u00e9s adatkezel\u00e9si elveit, amelyeket mag\u00e1ra n\u00e9zve k\u00f6telez\u0151nek ismer el. Adatkezel\u0151 adatai N\u00e9v:&#8230;<\/p>\n","protected":false},"author":1,"featured_media":0,"parent":0,"menu_order":0,"comment_status":"closed","ping_status":"open","template":"","meta":[],"_links":{"self":[{"href":"https:\/\/karolinavendeghaz.hu\/index.php?rest_route=\/wp\/v2\/pages\/3"}],"collection":[{"href":"https:\/\/karolinavendeghaz.hu\/index.php?rest_route=\/wp\/v2\/pages"}],"about":[{"href":"https:\/\/karolinavendeghaz.hu\/index.php?rest_route=\/wp\/v2\/types\/page"}],"author":[{"embeddable":true,"href":"https:\/\/karolinavendeghaz.hu\/index.php?rest_route=\/wp\/v2\/users\/1"}],"replies":[{"embeddable":true,"href":"https:\/\/karolinavendeghaz.hu\/index.php?rest_route=%2Fwp%2Fv2%2Fcomments&post=3"}],"version-history":[{"count":6,"href":"https:\/\/karolinavendeghaz.hu\/index.php?rest_route=\/wp\/v2\/pages\/3\/revisions"}],"predecessor-version":[{"id":2263,"href":"https:\/\/karolinavendeghaz.hu\/index.php?rest_route=\/wp\/v2\/pages\/3\/revisions\/2263"}],"wp:attachment":[{"href":"https:\/\/karolinavendeghaz.hu\/index.php?rest_route=%2Fwp%2Fv2%2Fmedia&parent=3"}],"curies":[{"name":"wp","href":"https:\/\/api.w.org\/{rel}","templated":true}]}}